{"id":61,"date":"2020-10-22T13:43:48","date_gmt":"2020-10-22T13:43:48","guid":{"rendered":"https:\/\/www.bookletsprint.com\/blog\/?page_id=61"},"modified":"2020-10-29T16:24:19","modified_gmt":"2020-10-29T16:24:19","slug":"blog","status":"publish","type":"page","link":"https:\/\/www.bookletsprint.com\/blog\/","title":{"rendered":"Blog"},"content":{"rendered":"","protected":false},"excerpt":{"rendered":"","protected":false},"author":2,"featured_media":0,"parent":0,"menu_order":0,"comment_status":"closed","ping_status":"closed","template":"page-template-blog-feed.php","meta":{"_et_pb_use_builder":"off","_et_pb_old_content":"","_et_gb_content_width":""},"yoast_head":"<!-- This site is optimized with the Yoast SEO plugin v18.4.1 - https:\/\/yoast.com\/wordpress\/plugins\/seo\/ -->\n<title>Blog &amp; Actualit\u00e9s - Imprimerie en ligne - Booklets Print France<\/title>\n<meta name=\"description\" content=\"Nous vous invitons \u00e0 d\u00e9couvrir avec nous le monde de l&#039;imprimerie, ses produits et son univers techniques. Actualit\u00e9s de notre imprimerie en ligne.\" \/>\n<meta name=\"robots\" content=\"index, follow, max-snippet:-1, max-image-preview:large, max-video-preview:-1\" \/>\n<link rel=\"canonical\" href=\"https:\/\/www.bookletsprint.com\/blog\/\" \/>\n<meta property=\"og:locale\" content=\"en_US\" \/>\n<meta property=\"og:type\" content=\"article\" \/>\n<meta property=\"og:title\" content=\"Blog &amp; Actualit\u00e9s - Imprimerie en ligne - Booklets Print France\" \/>\n<meta property=\"og:description\" content=\"Nous vous invitons \u00e0 d\u00e9couvrir avec nous le monde de l&#039;imprimerie, ses produits et son univers techniques. Actualit\u00e9s de notre imprimerie en ligne.\" \/>\n<meta property=\"og:url\" content=\"https:\/\/www.bookletsprint.com\/blog\/\" \/>\n<meta property=\"og:site_name\" content=\"BOOKLETS PRINT\" \/>\n<meta property=\"article:modified_time\" content=\"2020-10-29T16:24:19+00:00\" \/>\n<meta name=\"twitter:card\" content=\"summary_large_image\" \/>\n<script type=\"application\/ld+json\" class=\"yoast-schema-graph\">{\"@context\":\"https:\/\/schema.org\",\"@graph\":[{\"@type\":\"Organization\",\"@id\":\"https:\/\/www.bookletsprint.com\/blog\/#organization\",\"name\":\"Booklets Print France\",\"url\":\"https:\/\/www.bookletsprint.com\/blog\/\",\"sameAs\":[],\"logo\":{\"@type\":\"ImageObject\",\"@id\":\"https:\/\/www.bookletsprint.com\/blog\/#logo\",\"inLanguage\":\"en-US\",\"url\":\"https:\/\/www.bookletsprint.com\/blog\/wp-content\/uploads\/2020\/10\/Booklets-Print-Logo-Standard-1.png\",\"contentUrl\":\"https:\/\/www.bookletsprint.com\/blog\/wp-content\/uploads\/2020\/10\/Booklets-Print-Logo-Standard-1.png\",\"width\":2411,\"height\":328,\"caption\":\"Booklets Print France\"},\"image\":{\"@id\":\"https:\/\/www.bookletsprint.com\/blog\/#logo\"}},{\"@type\":\"WebSite\",\"@id\":\"https:\/\/www.bookletsprint.com\/blog\/#website\",\"url\":\"https:\/\/www.bookletsprint.com\/blog\/\",\"name\":\"BOOKLETS PRINT\",\"description\":\"Booklet, catalog and calendar printing\",\"publisher\":{\"@id\":\"https:\/\/www.bookletsprint.com\/blog\/#organization\"},\"potentialAction\":[{\"@type\":\"SearchAction\",\"target\":{\"@type\":\"EntryPoint\",\"urlTemplate\":\"https:\/\/www.bookletsprint.com\/blog\/?s={search_term_string}\"},\"query-input\":\"required name=search_term_string\"}],\"inLanguage\":\"en-US\"},{\"@type\":\"WebPage\",\"@id\":\"https:\/\/www.bookletsprint.com\/blog\/#webpage\",\"url\":\"https:\/\/www.bookletsprint.com\/blog\/\",\"name\":\"Blog & Actualit\u00e9s - Imprimerie en ligne - Booklets Print France\",\"isPartOf\":{\"@id\":\"https:\/\/www.bookletsprint.com\/blog\/#website\"},\"datePublished\":\"2020-10-22T13:43:48+00:00\",\"dateModified\":\"2020-10-29T16:24:19+00:00\",\"description\":\"Nous vous invitons \u00e0 d\u00e9couvrir avec nous le monde de l'imprimerie, ses produits et son univers techniques. Actualit\u00e9s de notre imprimerie en ligne.\",\"breadcrumb\":{\"@id\":\"https:\/\/www.bookletsprint.com\/blog\/#breadcrumb\"},\"inLanguage\":\"en-US\",\"potentialAction\":[{\"@type\":\"ReadAction\",\"target\":[\"https:\/\/www.bookletsprint.com\/blog\/\"]}]},{\"@type\":\"BreadcrumbList\",\"@id\":\"https:\/\/www.bookletsprint.com\/blog\/#breadcrumb\",\"itemListElement\":[{\"@type\":\"ListItem\",\"position\":1,\"name\":\"Blog\",\"item\":\"https:\/\/www.bookletsprint.com\/blog\/\"},{\"@type\":\"ListItem\",\"position\":2,\"name\":\"Blog\"}]}]}<\/script>\n<!-- \/ Yoast SEO plugin. -->","yoast_head_json":{"title":"Blog & Actualit\u00e9s - Imprimerie en ligne - Booklets Print France","description":"Nous vous invitons \u00e0 d\u00e9couvrir avec nous le monde de l'imprimerie, ses produits et son univers techniques. Actualit\u00e9s de notre imprimerie en ligne.","robots":{"index":"index","follow":"follow","max-snippet":"max-snippet:-1","max-image-preview":"max-image-preview:large","max-video-preview":"max-video-preview:-1"},"canonical":"https:\/\/www.bookletsprint.com\/blog\/","og_locale":"en_US","og_type":"article","og_title":"Blog & Actualit\u00e9s - Imprimerie en ligne - Booklets Print France","og_description":"Nous vous invitons \u00e0 d\u00e9couvrir avec nous le monde de l'imprimerie, ses produits et son univers techniques. Actualit\u00e9s de notre imprimerie en ligne.","og_url":"https:\/\/www.bookletsprint.com\/blog\/","og_site_name":"BOOKLETS PRINT","article_modified_time":"2020-10-29T16:24:19+00:00","twitter_card":"summary_large_image","schema":{"@context":"https:\/\/schema.org","@graph":[{"@type":"Organization","@id":"https:\/\/www.bookletsprint.com\/blog\/#organization","name":"Booklets Print France","url":"https:\/\/www.bookletsprint.com\/blog\/","sameAs":[],"logo":{"@type":"ImageObject","@id":"https:\/\/www.bookletsprint.com\/blog\/#logo","inLanguage":"en-US","url":"https:\/\/www.bookletsprint.com\/blog\/wp-content\/uploads\/2020\/10\/Booklets-Print-Logo-Standard-1.png","contentUrl":"https:\/\/www.bookletsprint.com\/blog\/wp-content\/uploads\/2020\/10\/Booklets-Print-Logo-Standard-1.png","width":2411,"height":328,"caption":"Booklets Print France"},"image":{"@id":"https:\/\/www.bookletsprint.com\/blog\/#logo"}},{"@type":"WebSite","@id":"https:\/\/www.bookletsprint.com\/blog\/#website","url":"https:\/\/www.bookletsprint.com\/blog\/","name":"BOOKLETS PRINT","description":"Booklet, catalog and calendar printing","publisher":{"@id":"https:\/\/www.bookletsprint.com\/blog\/#organization"},"potentialAction":[{"@type":"SearchAction","target":{"@type":"EntryPoint","urlTemplate":"https:\/\/www.bookletsprint.com\/blog\/?s={search_term_string}"},"query-input":"required name=search_term_string"}],"inLanguage":"en-US"},{"@type":"WebPage","@id":"https:\/\/www.bookletsprint.com\/blog\/#webpage","url":"https:\/\/www.bookletsprint.com\/blog\/","name":"Blog & Actualit\u00e9s - Imprimerie en ligne - Booklets Print France","isPartOf":{"@id":"https:\/\/www.bookletsprint.com\/blog\/#website"},"datePublished":"2020-10-22T13:43:48+00:00","dateModified":"2020-10-29T16:24:19+00:00","description":"Nous vous invitons \u00e0 d\u00e9couvrir avec nous le monde de l'imprimerie, ses produits et son univers techniques. Actualit\u00e9s de notre imprimerie en ligne.","breadcrumb":{"@id":"https:\/\/www.bookletsprint.com\/blog\/#breadcrumb"},"inLanguage":"en-US","potentialAction":[{"@type":"ReadAction","target":["https:\/\/www.bookletsprint.com\/blog\/"]}]},{"@type":"BreadcrumbList","@id":"https:\/\/www.bookletsprint.com\/blog\/#breadcrumb","itemListElement":[{"@type":"ListItem","position":1,"name":"Blog","item":"https:\/\/www.bookletsprint.com\/blog\/"},{"@type":"ListItem","position":2,"name":"Blog"}]}]}},"_links":{"self":[{"href":"https:\/\/www.bookletsprint.com\/blog\/wp-json\/wp\/v2\/pages\/61"}],"collection":[{"href":"https:\/\/www.bookletsprint.com\/blog\/wp-json\/wp\/v2\/pages"}],"about":[{"href":"https:\/\/www.bookletsprint.com\/blog\/wp-json\/wp\/v2\/types\/page"}],"author":[{"embeddable":true,"href":"https:\/\/www.bookletsprint.com\/blog\/wp-json\/wp\/v2\/users\/2"}],"replies":[{"embeddable":true,"href":"https:\/\/www.bookletsprint.com\/blog\/wp-json\/wp\/v2\/comments?post=61"}],"version-history":[{"count":5,"href":"https:\/\/www.bookletsprint.com\/blog\/wp-json\/wp\/v2\/pages\/61\/revisions"}],"predecessor-version":[{"id":3999,"href":"https:\/\/www.bookletsprint.com\/blog\/wp-json\/wp\/v2\/pages\/61\/revisions\/3999"}],"wp:attachment":[{"href":"https:\/\/www.bookletsprint.com\/blog\/wp-json\/wp\/v2\/media?parent=61"}],"curies":[{"name":"wp","href":"https:\/\/api.w.org\/{rel}","templated":true}]}}